{"id":79,"date":"2025-11-18T18:52:30","date_gmt":"2025-11-18T18:52:30","guid":{"rendered":"https:\/\/analisesocial.pt\/?page_id=79"},"modified":"2025-11-19T19:06:49","modified_gmt":"2025-11-19T19:06:49","slug":"services","status":"publish","type":"page","link":"https:\/\/analisesocial.pt\/?page_id=79","title":{"rendered":"Servi\u00e7os"},"content":{"rendered":"\n\n\n\n\n<h3>Servi\u00e7os<\/h3>\n\n\n\n\n\nEste servi\u00e7o consiste na coleta e an\u00e1lise de dados relacionados ao ambiente de trabalho, ajudando a identificar padr\u00f5es e tend\u00eancias.\n\n\n\n\n\nOferecemos relat\u00f3rios detalhados que sintetizam nossas descobertas, fornecendo \u00e0s institui\u00e7\u00f5es insights baseados em dados.\n\n\n\n\n\nNossos consultores experientes oferecem suporte na interpreta\u00e7\u00e3o de dados e no desenvolvimento de estrat\u00e9gias sociais.\n\n\n\n\n\nRealizamos workshops sobre temas de sociologia aplicados ao ambiente de trabalho, capacitando os participantes com novas habilidades de an\u00e1lise.\n\n\n\n\n\nUm espa\u00e7o seguro para discuss\u00f5es e compartilhamento de experi\u00eancias, sempre respeitando a anonimidade dos participantes.\n\n\n\n\n\nAnalisamos estudos de caso espec\u00edficos que exemplificam os achados de nossas pesquisas, oferecendo uma vis\u00e3o pr\u00e1tica dos dados.\n\n\n\n\n\n\n\n\n\n<h3>Portf\u00f3lio (em progresso)<\/h3>\n\n\n\n\n\n<p>Este estudo destaca nosso trabalho com uma grande empresa em reestrutura\u00e7\u00e3o, analisando o clima organizacional.<\/p>\n\n\n\n\n\n<p>Aqui est\u00e1 um exemplo de como implementamos feedbacks sociol\u00f3gicos em uma escola.<\/p>\n\n\n\n\n\n<p>Uma an\u00e1lise de como a cultura organizacional influencia o desempenho das equipes em empresas de tecnologia.<\/p>\n\n\n\n\n","protected":false},"excerpt":{"rendered":"","protected":false},"author":1,"featured_media":0,"parent":0,"menu_order":0,"comment_status":"closed","ping_status":"closed","template":"","meta":{"_bbp_topic_count":0,"_bbp_reply_count":0,"_bbp_total_topic_count":0,"_bbp_total_reply_count":0,"_bbp_voice_count":0,"_bbp_anonymous_reply_count":0,"_bbp_topic_count_hidden":0,"_bbp_reply_count_hidden":0,"_bbp_forum_subforum_count":0,"pagelayer_contact_templates":[],"_pagelayer_content":"","footnotes":""},"class_list":["post-79","page","type-page","status-publish","hentry"],"_links":{"self":[{"href":"https:\/\/analisesocial.pt\/index.php?rest_route=\/wp\/v2\/pages\/79","targetHints":{"allow":["GET"]}}],"collection":[{"href":"https:\/\/analisesocial.pt\/index.php?rest_route=\/wp\/v2\/pages"}],"about":[{"href":"https:\/\/analisesocial.pt\/index.php?rest_route=\/wp\/v2\/types\/page"}],"author":[{"embeddable":true,"href":"https:\/\/analisesocial.pt\/index.php?rest_route=\/wp\/v2\/users\/1"}],"replies":[{"embeddable":true,"href":"https:\/\/analisesocial.pt\/index.php?rest_route=%2Fwp%2Fv2%2Fcomments&post=79"}],"version-history":[{"count":3,"href":"https:\/\/analisesocial.pt\/index.php?rest_route=\/wp\/v2\/pages\/79\/revisions"}],"predecessor-version":[{"id":189,"href":"https:\/\/analisesocial.pt\/index.php?rest_route=\/wp\/v2\/pages\/79\/revisions\/189"}],"wp:attachment":[{"href":"https:\/\/analisesocial.pt\/index.php?rest_route=%2Fwp%2Fv2%2Fmedia&parent=79"}],"curies":[{"name":"wp","href":"https:\/\/api.w.org\/{rel}","templated":true}]}}