{"id":74,"date":"2025-11-18T18:52:26","date_gmt":"2025-11-18T18:52:26","guid":{"rendered":"https:\/\/analisesocial.pt\/?page_id=74"},"modified":"2025-11-19T19:28:42","modified_gmt":"2025-11-19T19:28:42","slug":"home","status":"publish","type":"page","link":"https:\/\/analisesocial.pt\/","title":{"rendered":"Home"},"content":{"rendered":"\n\n\n\n\n<p>Proporcionamos an\u00e1lises profundas e abordagens inovadoras para quest\u00f5es sociais.<\/p>\n\n\n\n\n\n\n\n<p>Trabalhamos com princ\u00edpios \u00e9ticos, garantindo a privacidade e o uso respons\u00e1vel de dados.<\/p>\n\n\n\n\n\n\n\n<p>Nossa equipa \u00e9 formada por especialistas com vasta experi\u00eancia em sociologia e pesquisa social.<\/p>\n\n\n\n\n\n\n\n<p>Lorem Ipsum has been the industry&#8217;s standard dummy text ever since the 1500s.<\/p>\n\n\n\n<p>Lorem Ipsum has been the industry&#8217;s standard dummy text ever since the 1500s.<\/p>\n\n\n\n\n\n<h3>Fluxo de Trabalho<\/h3>\n\n\n\n<p>Entenda nosso processo de pesquisa e an\u00e1lise.<\/p>\n\n\n\nCome\u00e7amos com um levantamento das necessidades e expectativas dos participantes.\n\n\n\nUtilizamos m\u00e9todos rigorosos para garantir a precis\u00e3o e a relev\u00e2ncia dos dados coletados.\n\n\n\nA equipe analisa os dados e desenvolve insights acion\u00e1veis.\n\n\n\n<h2>Your Heading<\/h2>\n\n\n\n\n\n\n\n<h3>Nossos Diferenciais<\/h3>\n\n\n\n<p>Por que escolher o Observat\u00f3rio Social An\u00f4nimo para suas pesquisas e consultas?<\/p>\n\n\n\nDesigning\n\n\n\nDesigning\n\n\n\nDesigning\n\n\n\n\n\n\n\n<p>Lorem Ipsum has been the industry&#8217;s standard dummy text ever since the 1500s.<\/p>\n\n\n\n\n\n\n\n<h2><span style=\"color: rgb(255, 255, 255); font-size: 20px; text-align: center; font-family: Rubik;\">Anonimato 100% Garantido\u00a0<\/span><\/h2>\n\n\n\n\n\n<h2><span style=\"color: rgb(255, 255, 255); font-family: Rubik; font-size: 20px; text-align: center;\">F<\/span><span style=\"color: rgb(255, 255, 255); font-family: Rubik; font-size: 20px; text-align: center;\">\u00f3rum Seguro e Dedicado\u00a0<\/span><\/h2>\n\n\n\n\n\n<h2><p style=\"text-align: start;\"><span style=\"font-weight: revert; color: rgb(255, 255, 255); font-size: 20px; text-align: center; font-family: Rubik;\">Rigor <\/span><span style=\"font-weight: revert; color: rgb(255, 255, 255); font-family: Rubik; font-size: 20px; text-align: center;\"> \u00c9tico e Cient\u00edfico<\/span><\/p> <\/h2>\n\n\n\n\n\n<h2><span style=\"color: rgb(255, 255, 255); font-family: Rubik; font-size: 20px; text-align: center;\">Resultados e Agregados e \u00dateis<\/span><\/h2>\n\n\n\n\n\n\n\n<h3>Servi\u00e7os<\/h3>\n\n\n\n\n\nEste servi\u00e7o consiste na coleta e an\u00e1lise de dados relacionados ao ambiente de trabalho, ajudando a identificar padr\u00f5es e tend\u00eancias.\n\n\n\n\n\nOferecemos relat\u00f3rios detalhados que sintetizam nossas descobertas, fornecendo \u00e0s institui\u00e7\u00f5es insights baseados em dados.\n\n\n\n\n\nNossos consultores experientes oferecem suporte na interpreta\u00e7\u00e3o de dados e no desenvolvimento de estrat\u00e9gias sociais.\n\n\n\n\n\nRealizamos workshops sobre temas de sociologia aplicados ao ambiente de trabalho, capacitando os participantes com novas habilidades de an\u00e1lise.\n\n\n\n\n\nUm espa\u00e7o seguro para discuss\u00f5es e compartilhamento de experi\u00eancias, sempre respeitando a anonimidade dos participantes.\n\n\n\n\n\nAnalisamos estudos de caso espec\u00edficos que exemplificam os achados de nossas pesquisas, oferecendo uma vis\u00e3o pr\u00e1tica dos dados.\n\n\n\n\n","protected":false},"excerpt":{"rendered":"","protected":false},"author":1,"featured_media":0,"parent":0,"menu_order":0,"comment_status":"closed","ping_status":"closed","template":"","meta":{"_bbp_topic_count":0,"_bbp_reply_count":0,"_bbp_total_topic_count":0,"_bbp_total_reply_count":0,"_bbp_voice_count":0,"_bbp_anonymous_reply_count":0,"_bbp_topic_count_hidden":0,"_bbp_reply_count_hidden":0,"_bbp_forum_subforum_count":0,"pagelayer_contact_templates":[],"_pagelayer_content":"","footnotes":""},"class_list":["post-74","page","type-page","status-publish","hentry"],"_links":{"self":[{"href":"https:\/\/analisesocial.pt\/index.php?rest_route=\/wp\/v2\/pages\/74","targetHints":{"allow":["GET"]}}],"collection":[{"href":"https:\/\/analisesocial.pt\/index.php?rest_route=\/wp\/v2\/pages"}],"about":[{"href":"https:\/\/analisesocial.pt\/index.php?rest_route=\/wp\/v2\/types\/page"}],"author":[{"embeddable":true,"href":"https:\/\/analisesocial.pt\/index.php?rest_route=\/wp\/v2\/users\/1"}],"replies":[{"embeddable":true,"href":"https:\/\/analisesocial.pt\/index.php?rest_route=%2Fwp%2Fv2%2Fcomments&post=74"}],"version-history":[{"count":11,"href":"https:\/\/analisesocial.pt\/index.php?rest_route=\/wp\/v2\/pages\/74\/revisions"}],"predecessor-version":[{"id":201,"href":"https:\/\/analisesocial.pt\/index.php?rest_route=\/wp\/v2\/pages\/74\/revisions\/201"}],"wp:attachment":[{"href":"https:\/\/analisesocial.pt\/index.php?rest_route=%2Fwp%2Fv2%2Fmedia&parent=74"}],"curies":[{"name":"wp","href":"https:\/\/api.w.org\/{rel}","templated":true}]}}