{"id":67,"date":"2025-11-18T18:52:23","date_gmt":"2025-11-18T18:52:23","guid":{"rendered":"https:\/\/analisesocial.pt\/?page_id=67"},"modified":"2025-11-19T19:18:25","modified_gmt":"2025-11-19T19:18:25","slug":"about","status":"publish","type":"page","link":"https:\/\/analisesocial.pt\/?page_id=67","title":{"rendered":"Sobre n\u00f3s"},"content":{"rendered":"\n\n\n\n\n<h3>Sobre o Observat\u00f3rio Social An\u00f4nimo<\/h3>\n\n\n\n<p>Garantimos a sua total privacidade. A nossa metodologia utiliza apenas informa\u00e7\u00f5es agregadas e an\u00f3nimas, ou seja, dados que nunca identificam pessoas individualmente.A total aus\u00eancia de identifica\u00e7\u00e3o pessoal \u00e9 o que nos permite analisar as tend\u00eancias sociais de forma pura e honesta.O que fazemos?<br>\u200bTransformamos o vasto conjunto de partilhas do f\u00f3rum em conhecimento claro e rigoroso sobre as tend\u00eancias sociais. Este conhecimento fundamental \u00e9 usado para ajudar empresas a tomar melhores decis\u00f5es, para apoiar a investiga\u00e7\u00e3o acad\u00e9mica e para melhorar o bem-estar da comunidade. O seu contributo an\u00f3nimo gera valor e impacto positivo\u00a0para\u00a0todos.<\/p>\n\n\n\n<div class=\"wp-block-buttons is-layout-flex wp-block-buttons-is-layout-flex\">\n<div class=\"wp-block-button\"><a class=\"wp-block-button__link wp-element-button\" href=\"https:\/\/analisesocial.pt\/?page_id=79\">Saber mais<\/a><\/div>\n<\/div>\n\n\n\n\n\n\n\n\n\n\n\n\n\n\n\n<h3>Nossos Diferenciais<\/h3>\n\n\n\n<p>Por que escolher o Observat\u00f3rio Social An\u00f4nimo para suas pesquisas e consultas?<\/p>\n\n\n\n\n\n\n\n\n\n\n","protected":false},"excerpt":{"rendered":"","protected":false},"author":1,"featured_media":0,"parent":0,"menu_order":0,"comment_status":"closed","ping_status":"closed","template":"","meta":{"_bbp_topic_count":0,"_bbp_reply_count":0,"_bbp_total_topic_count":0,"_bbp_total_reply_count":0,"_bbp_voice_count":0,"_bbp_anonymous_reply_count":0,"_bbp_topic_count_hidden":0,"_bbp_reply_count_hidden":0,"_bbp_forum_subforum_count":0,"pagelayer_contact_templates":[],"_pagelayer_content":"","footnotes":""},"class_list":["post-67","page","type-page","status-publish","hentry"],"_links":{"self":[{"href":"https:\/\/analisesocial.pt\/index.php?rest_route=\/wp\/v2\/pages\/67","targetHints":{"allow":["GET"]}}],"collection":[{"href":"https:\/\/analisesocial.pt\/index.php?rest_route=\/wp\/v2\/pages"}],"about":[{"href":"https:\/\/analisesocial.pt\/index.php?rest_route=\/wp\/v2\/types\/page"}],"author":[{"embeddable":true,"href":"https:\/\/analisesocial.pt\/index.php?rest_route=\/wp\/v2\/users\/1"}],"replies":[{"embeddable":true,"href":"https:\/\/analisesocial.pt\/index.php?rest_route=%2Fwp%2Fv2%2Fcomments&post=67"}],"version-history":[{"count":7,"href":"https:\/\/analisesocial.pt\/index.php?rest_route=\/wp\/v2\/pages\/67\/revisions"}],"predecessor-version":[{"id":192,"href":"https:\/\/analisesocial.pt\/index.php?rest_route=\/wp\/v2\/pages\/67\/revisions\/192"}],"wp:attachment":[{"href":"https:\/\/analisesocial.pt\/index.php?rest_route=%2Fwp%2Fv2%2Fmedia&parent=67"}],"curies":[{"name":"wp","href":"https:\/\/api.w.org\/{rel}","templated":true}]}}