{"id":114,"date":"2025-11-18T19:40:35","date_gmt":"2025-11-18T19:40:35","guid":{"rendered":"https:\/\/analisesocial.pt\/?page_id=114"},"modified":"2025-11-18T19:44:13","modified_gmt":"2025-11-18T19:44:13","slug":"regras-de-utilizacao-do-forum","status":"publish","type":"page","link":"https:\/\/analisesocial.pt\/?page_id=114","title":{"rendered":"Regras de Utiliza\u00e7\u00e3o do F\u00f3rum"},"content":{"rendered":"\n<p>Nunca partilhe informa\u00e7\u00e3o pessoalmente identific\u00e1vel sobre si ou terceiros, e o seu nome de utilizador deve ser um pseud\u00f3nimo.  Exige-se conduta com respeito m\u00fatuo; n\u00e3o \u00e9 permitido bullying, ass\u00e9dio ou ataques pessoais de qualquer tipo. \u00c9 proibida a publica\u00e7\u00e3o de conte\u00fado ilegal, spam ou material pornogr\u00e1fico. Por \u00faltimo, este f\u00f3rum n\u00e3o \u00e9 um servi\u00e7o de Apoio Psicol\u00f3gico ou de Crise. Se precisar de ajuda de emerg\u00eancia, procure um\u00a0profissional.<\/p>\n","protected":false},"excerpt":{"rendered":"<p>Nunca partilhe informa\u00e7\u00e3o pessoalmente identific\u00e1vel sobre si ou terceiros, e o seu nome de utilizador deve ser um pseud\u00f3nimo. Exige-se conduta com respeito m\u00fatuo; n\u00e3o \u00e9 permitido bullying, ass\u00e9dio ou ataques pessoais de qualquer tipo. \u00c9 proibida a publica\u00e7\u00e3o de conte\u00fado ilegal, spam ou material pornogr\u00e1fico. Por \u00faltimo, este f\u00f3rum n\u00e3o \u00e9 um servi\u00e7o de [&hellip;]<\/p>\n","protected":false},"author":1,"featured_media":0,"parent":0,"menu_order":0,"comment_status":"closed","ping_status":"closed","template":"","meta":{"_bbp_topic_count":0,"_bbp_reply_count":0,"_bbp_total_topic_count":0,"_bbp_total_reply_count":0,"_bbp_voice_count":0,"_bbp_anonymous_reply_count":0,"_bbp_topic_count_hidden":0,"_bbp_reply_count_hidden":0,"_bbp_forum_subforum_count":0,"pagelayer_contact_templates":[],"_pagelayer_content":"","footnotes":""},"class_list":["post-114","page","type-page","status-publish","hentry"],"_links":{"self":[{"href":"https:\/\/analisesocial.pt\/index.php?rest_route=\/wp\/v2\/pages\/114","targetHints":{"allow":["GET"]}}],"collection":[{"href":"https:\/\/analisesocial.pt\/index.php?rest_route=\/wp\/v2\/pages"}],"about":[{"href":"https:\/\/analisesocial.pt\/index.php?rest_route=\/wp\/v2\/types\/page"}],"author":[{"embeddable":true,"href":"https:\/\/analisesocial.pt\/index.php?rest_route=\/wp\/v2\/users\/1"}],"replies":[{"embeddable":true,"href":"https:\/\/analisesocial.pt\/index.php?rest_route=%2Fwp%2Fv2%2Fcomments&post=114"}],"version-history":[{"count":2,"href":"https:\/\/analisesocial.pt\/index.php?rest_route=\/wp\/v2\/pages\/114\/revisions"}],"predecessor-version":[{"id":117,"href":"https:\/\/analisesocial.pt\/index.php?rest_route=\/wp\/v2\/pages\/114\/revisions\/117"}],"wp:attachment":[{"href":"https:\/\/analisesocial.pt\/index.php?rest_route=%2Fwp%2Fv2%2Fmedia&parent=114"}],"curies":[{"name":"wp","href":"https:\/\/api.w.org\/{rel}","templated":true}]}}