{"id":111,"date":"2025-11-18T19:37:12","date_gmt":"2025-11-18T19:37:12","guid":{"rendered":"https:\/\/analisesocial.pt\/?page_id=111"},"modified":"2025-11-18T19:37:12","modified_gmt":"2025-11-18T19:37:12","slug":"politica-de-privacidade","status":"publish","type":"page","link":"https:\/\/analisesocial.pt\/?page_id=111","title":{"rendered":"Pol\u00edtica de Privacidade"},"content":{"rendered":"\n<p>O Observat\u00f3rio Social An\u00f3nimo n\u00e3o recolhe ou armazena qualquer informa\u00e7\u00e3o pessoalmente identific\u00e1vel dos seus utilizadores, como nomes, emails ou endere\u00e7os. O \u00fanico identificador utilizado \u00e9 o nome de utilizador (pseud\u00f3nimo). Todo o conte\u00fado partilhado nos f\u00f3runs \u00e9 utilizado apenas para fins de pesquisa e an\u00e1lise sociol\u00f3gica. Os resultados da investiga\u00e7\u00e3o ser\u00e3o divulgados de forma agregada e anonimizada. Utilizamos cookies apenas para o funcionamento b\u00e1sico do f\u00f3rum e para manter a sua sess\u00e3o\u00a0iniciada.<\/p>\n","protected":false},"excerpt":{"rendered":"<p>O Observat\u00f3rio Social An\u00f3nimo n\u00e3o recolhe ou armazena qualquer informa\u00e7\u00e3o pessoalmente identific\u00e1vel dos seus utilizadores, como nomes, emails ou endere\u00e7os. O \u00fanico identificador utilizado \u00e9 o nome de utilizador (pseud\u00f3nimo). Todo o conte\u00fado partilhado nos f\u00f3runs \u00e9 utilizado apenas para fins de pesquisa e an\u00e1lise sociol\u00f3gica. Os resultados da investiga\u00e7\u00e3o ser\u00e3o divulgados de forma agregada [&hellip;]<\/p>\n","protected":false},"author":1,"featured_media":0,"parent":0,"menu_order":0,"comment_status":"closed","ping_status":"closed","template":"","meta":{"_bbp_topic_count":0,"_bbp_reply_count":0,"_bbp_total_topic_count":0,"_bbp_total_reply_count":0,"_bbp_voice_count":0,"_bbp_anonymous_reply_count":0,"_bbp_topic_count_hidden":0,"_bbp_reply_count_hidden":0,"_bbp_forum_subforum_count":0,"pagelayer_contact_templates":[],"_pagelayer_content":"","footnotes":""},"class_list":["post-111","page","type-page","status-publish","hentry"],"_links":{"self":[{"href":"https:\/\/analisesocial.pt\/index.php?rest_route=\/wp\/v2\/pages\/111","targetHints":{"allow":["GET"]}}],"collection":[{"href":"https:\/\/analisesocial.pt\/index.php?rest_route=\/wp\/v2\/pages"}],"about":[{"href":"https:\/\/analisesocial.pt\/index.php?rest_route=\/wp\/v2\/types\/page"}],"author":[{"embeddable":true,"href":"https:\/\/analisesocial.pt\/index.php?rest_route=\/wp\/v2\/users\/1"}],"replies":[{"embeddable":true,"href":"https:\/\/analisesocial.pt\/index.php?rest_route=%2Fwp%2Fv2%2Fcomments&post=111"}],"version-history":[{"count":2,"href":"https:\/\/analisesocial.pt\/index.php?rest_route=\/wp\/v2\/pages\/111\/revisions"}],"predecessor-version":[{"id":179,"href":"https:\/\/analisesocial.pt\/index.php?rest_route=\/wp\/v2\/pages\/111\/revisions\/179"}],"wp:attachment":[{"href":"https:\/\/analisesocial.pt\/index.php?rest_route=%2Fwp%2Fv2%2Fmedia&parent=111"}],"curies":[{"name":"wp","href":"https:\/\/api.w.org\/{rel}","templated":true}]}}