{"id":108,"date":"2025-11-18T19:27:30","date_gmt":"2025-11-18T19:27:30","guid":{"rendered":"https:\/\/analisesocial.pt\/?page_id=108"},"modified":"2025-11-18T19:27:30","modified_gmt":"2025-11-18T19:27:30","slug":"foruns","status":"publish","type":"page","link":"https:\/\/analisesocial.pt\/?page_id=108","title":{"rendered":"F\u00f3runs"},"content":{"rendered":"\n<div id=\"bbpress-forums\" class=\"bbpress-wrapper\">\n\n\t\n\t<div class=\"bbp-search-form\">\n\t\t<form role=\"search\" method=\"get\" id=\"bbp-search-form\">\n\t\t\t<div>\n\t\t\t\t<label class=\"screen-reader-text hidden\" for=\"bbp_search\">Procurar por:<\/label>\n\t\t\t\t<input type=\"hidden\" name=\"action\" value=\"bbp-search-request\" \/>\n\t\t\t\t<input type=\"text\" value=\"\" name=\"bbp_search\" id=\"bbp_search\" \/>\n\t\t\t\t<input class=\"button\" type=\"submit\" id=\"bbp_search_submit\" value=\"Pesquisar\" \/>\n\t\t\t<\/div>\n\t\t<\/form>\n\t<\/div>\n\n\n\t<div class=\"bbp-breadcrumb\"><p><a href=\"https:\/\/analisesocial.pt\" class=\"bbp-breadcrumb-home\">Home<\/a> <span class=\"bbp-breadcrumb-sep\">&rsaquo;<\/span> <span class=\"bbp-breadcrumb-current\">F\u00f3runs<\/span><\/p><\/div>\n\t\n\t\n\t\n\t\t\n<ul id=\"forums-list-0\" class=\"bbp-forums\">\n\n\t<li class=\"bbp-header\">\n\n\t\t<ul class=\"forum-titles\">\n\t\t\t<li class=\"bbp-forum-info\">F\u00f3rum<\/li>\n\t\t\t<li class=\"bbp-forum-topic-count\">T\u00f3picos<\/li>\n\t\t\t<li class=\"bbp-forum-reply-count\">Artigos<\/li>\n\t\t\t<li class=\"bbp-forum-freshness\">\u00daltimo artigo<\/li>\n\t\t<\/ul>\n\n\t<\/li><!-- .bbp-header -->\n\n\t<li class=\"bbp-body\">\n\n\t\t\n\t\t\t\n<ul id=\"bbp-forum-9\" class=\"loop-item-0 bbp-forum-status-open bbp-forum-visibility-publish odd  post-9 forum type-forum status-publish hentry\">\n\t<li class=\"bbp-forum-info\">\n\n\t\t\n\t\t\n\t\t<a class=\"bbp-forum-title\" href=\"https:\/\/analisesocial.pt\/?forum=analise-de-sentimento-ambiente-de-trabalho\">An\u00e1lise de Sentimento: Ambiente de Trabalho<\/a>\n\n\t\t\n\t\t\n\t\t<div class=\"bbp-forum-content\"><\/div>\n\n\t\t\n\t\t\n\t\t\n\t\t\n\t\t\n\t<\/li>\n\n\t<li class=\"bbp-forum-topic-count\">0<\/li>\n\n\t<li class=\"bbp-forum-reply-count\">0<\/li>\n\n\t<li class=\"bbp-forum-freshness\">\n\n\t\t\n\t\tSem t\u00f3picos\n\t\t\n\t\t<p class=\"bbp-topic-meta\">\n\n\t\t\t\n\t\t\t<span class=\"bbp-topic-freshness-author\"><\/span>\n\n\t\t\t\n\t\t<\/p>\n\t<\/li>\n<\/ul><!-- #bbp-forum-9 -->\n\n\t\t\n\t\t\t\n<ul id=\"bbp-forum-142\" class=\"loop-item-1 bbp-forum-status-open bbp-forum-visibility-publish even  post-142 forum type-forum status-publish hentry\">\n\t<li class=\"bbp-forum-info\">\n\n\t\t\n\t\t\n\t\t<a class=\"bbp-forum-title\" href=\"https:\/\/analisesocial.pt\/?forum=analise-de-sentimento-ambiente-e-sustentablidade\">An\u00e1lise de Sentimento: Ambiente e Sustentablidade<\/a>\n\n\t\t\n\t\t\n\t\t<div class=\"bbp-forum-content\"><\/div>\n\n\t\t\n\t\t\n\t\t\n\t\t\n\t\t\n\t<\/li>\n\n\t<li class=\"bbp-forum-topic-count\">0<\/li>\n\n\t<li class=\"bbp-forum-reply-count\">0<\/li>\n\n\t<li class=\"bbp-forum-freshness\">\n\n\t\t\n\t\tSem t\u00f3picos\n\t\t\n\t\t<p class=\"bbp-topic-meta\">\n\n\t\t\t\n\t\t\t<span class=\"bbp-topic-freshness-author\"><\/span>\n\n\t\t\t\n\t\t<\/p>\n\t<\/li>\n<\/ul><!-- #bbp-forum-142 -->\n\n\t\t\n\t\t\t\n<ul id=\"bbp-forum-118\" class=\"loop-item-2 bbp-forum-status-open bbp-forum-visibility-publish odd  post-118 forum type-forum status-publish hentry\">\n\t<li class=\"bbp-forum-info\">\n\n\t\t\n\t\t\n\t\t<a class=\"bbp-forum-title\" href=\"https:\/\/analisesocial.pt\/?forum=analise-de-sentimento-bem-estar-e-saude-mental\">An\u00e1lise de Sentimento: Bem- Estar e Sa\u00fade Mental<\/a>\n\n\t\t\n\t\t\n\t\t<div class=\"bbp-forum-content\"><\/div>\n\n\t\t\n\t\t\n\t\t\n\t\t\n\t\t\n\t<\/li>\n\n\t<li class=\"bbp-forum-topic-count\">0<\/li>\n\n\t<li class=\"bbp-forum-reply-count\">0<\/li>\n\n\t<li class=\"bbp-forum-freshness\">\n\n\t\t\n\t\tSem t\u00f3picos\n\t\t\n\t\t<p class=\"bbp-topic-meta\">\n\n\t\t\t\n\t\t\t<span class=\"bbp-topic-freshness-author\"><\/span>\n\n\t\t\t\n\t\t<\/p>\n\t<\/li>\n<\/ul><!-- #bbp-forum-118 -->\n\n\t\t\n\t\t\t\n<ul id=\"bbp-forum-155\" class=\"loop-item-3 bbp-forum-status-open bbp-forum-visibility-publish even  post-155 forum type-forum status-publish hentry\">\n\t<li class=\"bbp-forum-info\">\n\n\t\t\n\t\t\n\t\t<a class=\"bbp-forum-title\" href=\"https:\/\/analisesocial.pt\/?forum=analise-de-sentimento-cultura-e-lazer\">An\u00e1lise de Sentimento: Cultura e Lazer<\/a>\n\n\t\t\n\t\t\n\t\t<div class=\"bbp-forum-content\"><\/div>\n\n\t\t\n\t\t\n\t\t\n\t\t\n\t\t\n\t<\/li>\n\n\t<li class=\"bbp-forum-topic-count\">0<\/li>\n\n\t<li class=\"bbp-forum-reply-count\">0<\/li>\n\n\t<li class=\"bbp-forum-freshness\">\n\n\t\t\n\t\tSem t\u00f3picos\n\t\t\n\t\t<p class=\"bbp-topic-meta\">\n\n\t\t\t\n\t\t\t<span class=\"bbp-topic-freshness-author\"><\/span>\n\n\t\t\t\n\t\t<\/p>\n\t<\/li>\n<\/ul><!-- #bbp-forum-155 -->\n\n\t\t\n\t\t\t\n<ul id=\"bbp-forum-138\" class=\"loop-item-4 bbp-forum-status-open bbp-forum-visibility-publish odd  post-138 forum type-forum status-publish hentry\">\n\t<li class=\"bbp-forum-info\">\n\n\t\t\n\t\t\n\t\t<a class=\"bbp-forum-title\" href=\"https:\/\/analisesocial.pt\/?forum=analise-de-sentimento-educacao-e-aprendizagem\">An\u00e1lise de Sentimento: Educa\u00e7\u00e3o e Aprendizagem<\/a>\n\n\t\t\n\t\t\n\t\t<div class=\"bbp-forum-content\"><\/div>\n\n\t\t\n\t\t\n\t\t\n\t\t\n\t\t\n\t<\/li>\n\n\t<li class=\"bbp-forum-topic-count\">0<\/li>\n\n\t<li class=\"bbp-forum-reply-count\">0<\/li>\n\n\t<li class=\"bbp-forum-freshness\">\n\n\t\t\n\t\tSem t\u00f3picos\n\t\t\n\t\t<p class=\"bbp-topic-meta\">\n\n\t\t\t\n\t\t\t<span class=\"bbp-topic-freshness-author\"><\/span>\n\n\t\t\t\n\t\t<\/p>\n\t<\/li>\n<\/ul><!-- #bbp-forum-138 -->\n\n\t\t\n\t\t\t\n<ul id=\"bbp-forum-126\" class=\"loop-item-5 bbp-forum-status-open bbp-forum-visibility-publish even  post-126 forum type-forum status-publish hentry\">\n\t<li class=\"bbp-forum-info\">\n\n\t\t\n\t\t\n\t\t<a class=\"bbp-forum-title\" href=\"https:\/\/analisesocial.pt\/?forum=analise-de-sentimento-financas-pessoais-e-economia\">An\u00e1lise de Sentimento: Finan\u00e7as  Pessoais e Economia<\/a>\n\n\t\t\n\t\t\n\t\t<div class=\"bbp-forum-content\"><\/div>\n\n\t\t\n\t\t\n\t\t\n\t\t\n\t\t\n\t<\/li>\n\n\t<li class=\"bbp-forum-topic-count\">0<\/li>\n\n\t<li class=\"bbp-forum-reply-count\">0<\/li>\n\n\t<li class=\"bbp-forum-freshness\">\n\n\t\t\n\t\tSem t\u00f3picos\n\t\t\n\t\t<p class=\"bbp-topic-meta\">\n\n\t\t\t\n\t\t\t<span class=\"bbp-topic-freshness-author\"><\/span>\n\n\t\t\t\n\t\t<\/p>\n\t<\/li>\n<\/ul><!-- #bbp-forum-126 -->\n\n\t\t\n\t\t\t\n<ul id=\"bbp-forum-151\" class=\"loop-item-6 bbp-forum-status-open bbp-forum-visibility-publish odd  post-151 forum type-forum status-publish hentry\">\n\t<li class=\"bbp-forum-info\">\n\n\t\t\n\t\t\n\t\t<a class=\"bbp-forum-title\" href=\"https:\/\/analisesocial.pt\/?forum=analise-de-sentimento-habitacao-e-local-de-residencia\">An\u00e1lise de Sentimento: Habita\u00e7\u00e3o e Local de Resid\u00eancia<\/a>\n\n\t\t\n\t\t\n\t\t<div class=\"bbp-forum-content\"><\/div>\n\n\t\t\n\t\t\n\t\t\n\t\t\n\t\t\n\t<\/li>\n\n\t<li class=\"bbp-forum-topic-count\">0<\/li>\n\n\t<li class=\"bbp-forum-reply-count\">0<\/li>\n\n\t<li class=\"bbp-forum-freshness\">\n\n\t\t\n\t\tSem t\u00f3picos\n\t\t\n\t\t<p class=\"bbp-topic-meta\">\n\n\t\t\t\n\t\t\t<span class=\"bbp-topic-freshness-author\"><\/span>\n\n\t\t\t\n\t\t<\/p>\n\t<\/li>\n<\/ul><!-- #bbp-forum-151 -->\n\n\t\t\n\t\t\t\n<ul id=\"bbp-forum-159\" class=\"loop-item-7 bbp-forum-status-open bbp-forum-visibility-publish even  post-159 forum type-forum status-publish hentry\">\n\t<li class=\"bbp-forum-info\">\n\n\t\t\n\t\t\n\t\t<a class=\"bbp-forum-title\" href=\"https:\/\/analisesocial.pt\/?forum=analise-de-sentimento-media-e-redes-sociais\">An\u00e1lise de Sentimento: Media e Redes Sociais<\/a>\n\n\t\t\n\t\t\n\t\t<div class=\"bbp-forum-content\"><\/div>\n\n\t\t\n\t\t\n\t\t\n\t\t\n\t\t\n\t<\/li>\n\n\t<li class=\"bbp-forum-topic-count\">0<\/li>\n\n\t<li class=\"bbp-forum-reply-count\">0<\/li>\n\n\t<li class=\"bbp-forum-freshness\">\n\n\t\t\n\t\tSem t\u00f3picos\n\t\t\n\t\t<p class=\"bbp-topic-meta\">\n\n\t\t\t\n\t\t\t<span class=\"bbp-topic-freshness-author\"><\/span>\n\n\t\t\t\n\t\t<\/p>\n\t<\/li>\n<\/ul><!-- #bbp-forum-159 -->\n\n\t\t\n\t\t\t\n<ul id=\"bbp-forum-130\" class=\"loop-item-8 bbp-forum-status-open bbp-forum-visibility-publish odd  post-130 forum type-forum status-publish hentry\">\n\t<li class=\"bbp-forum-info\">\n\n\t\t\n\t\t\n\t\t<a class=\"bbp-forum-title\" href=\"https:\/\/analisesocial.pt\/?forum=analise-de-sentimento-noticias-e-eventos-atuais\">An\u00e1lise de Sentimento: Not\u00edcias e Eventos Atuais<\/a>\n\n\t\t\n\t\t\n\t\t<div class=\"bbp-forum-content\"><\/div>\n\n\t\t\n\t\t\n\t\t\n\t\t\n\t\t\n\t<\/li>\n\n\t<li class=\"bbp-forum-topic-count\">0<\/li>\n\n\t<li class=\"bbp-forum-reply-count\">0<\/li>\n\n\t<li class=\"bbp-forum-freshness\">\n\n\t\t\n\t\tSem t\u00f3picos\n\t\t\n\t\t<p class=\"bbp-topic-meta\">\n\n\t\t\t\n\t\t\t<span class=\"bbp-topic-freshness-author\"><\/span>\n\n\t\t\t\n\t\t<\/p>\n\t<\/li>\n<\/ul><!-- #bbp-forum-130 -->\n\n\t\t\n\t\t\t\n<ul id=\"bbp-forum-19\" class=\"loop-item-9 bbp-forum-status-open bbp-forum-visibility-publish even  post-19 forum type-forum status-publish hentry\">\n\t<li class=\"bbp-forum-info\">\n\n\t\t\n\t\t\n\t\t<a class=\"bbp-forum-title\" href=\"https:\/\/analisesocial.pt\/?forum=analise-de-sentimento-relacionamentos\">An\u00e1lise de Sentimento: Relacionamentos<\/a>\n\n\t\t\n\t\t\n\t\t<div class=\"bbp-forum-content\"><\/div>\n\n\t\t\n\t\t\n\t\t\n\t\t\n\t\t\n\t<\/li>\n\n\t<li class=\"bbp-forum-topic-count\">0<\/li>\n\n\t<li class=\"bbp-forum-reply-count\">0<\/li>\n\n\t<li class=\"bbp-forum-freshness\">\n\n\t\t\n\t\tSem t\u00f3picos\n\t\t\n\t\t<p class=\"bbp-topic-meta\">\n\n\t\t\t\n\t\t\t<span class=\"bbp-topic-freshness-author\"><\/span>\n\n\t\t\t\n\t\t<\/p>\n\t<\/li>\n<\/ul><!-- #bbp-forum-19 -->\n\n\t\t\n\t\t\t\n<ul id=\"bbp-forum-134\" class=\"loop-item-10 bbp-forum-status-open bbp-forum-visibility-publish odd  post-134 forum type-forum status-publish hentry\">\n\t<li class=\"bbp-forum-info\">\n\n\t\t\n\t\t\n\t\t<a class=\"bbp-forum-title\" href=\"https:\/\/analisesocial.pt\/?forum=analise-de-sentimento-tecnologia-e-conectividade\">An\u00e1lise de Sentimento: Tecnologia e Conectividade<\/a>\n\n\t\t\n\t\t\n\t\t<div class=\"bbp-forum-content\"><\/div>\n\n\t\t\n\t\t\n\t\t\n\t\t\n\t\t\n\t<\/li>\n\n\t<li class=\"bbp-forum-topic-count\">0<\/li>\n\n\t<li class=\"bbp-forum-reply-count\">0<\/li>\n\n\t<li class=\"bbp-forum-freshness\">\n\n\t\t\n\t\tSem t\u00f3picos\n\t\t\n\t\t<p class=\"bbp-topic-meta\">\n\n\t\t\t\n\t\t\t<span class=\"bbp-topic-freshness-author\"><\/span>\n\n\t\t\t\n\t\t<\/p>\n\t<\/li>\n<\/ul><!-- #bbp-forum-134 -->\n\n\t\t\n\t\t\t\n<ul id=\"bbp-forum-147\" class=\"loop-item-11 bbp-forum-status-open bbp-forum-visibility-publish even  post-147 forum type-forum status-publish hentry\">\n\t<li class=\"bbp-forum-info\">\n\n\t\t\n\t\t\n\t\t<a class=\"bbp-forum-title\" href=\"https:\/\/analisesocial.pt\/?forum=analise-de-sentimento-transporte-e-mobilidade\">An\u00e1lise de Sentimento: Transporte e Mobilidade<\/a>\n\n\t\t\n\t\t\n\t\t<div class=\"bbp-forum-content\"><\/div>\n\n\t\t\n\t\t\n\t\t\n\t\t\n\t\t\n\t<\/li>\n\n\t<li class=\"bbp-forum-topic-count\">0<\/li>\n\n\t<li class=\"bbp-forum-reply-count\">0<\/li>\n\n\t<li class=\"bbp-forum-freshness\">\n\n\t\t\n\t\tSem t\u00f3picos\n\t\t\n\t\t<p class=\"bbp-topic-meta\">\n\n\t\t\t\n\t\t\t<span class=\"bbp-topic-freshness-author\"><\/span>\n\n\t\t\t\n\t\t<\/p>\n\t<\/li>\n<\/ul><!-- #bbp-forum-147 -->\n\n\t\t\n\t\t\t\n<ul id=\"bbp-forum-122\" class=\"loop-item-12 bbp-forum-status-open bbp-forum-visibility-publish odd  post-122 forum type-forum status-publish hentry\">\n\t<li class=\"bbp-forum-info\">\n\n\t\t\n\t\t\n\t\t<a class=\"bbp-forum-title\" href=\"https:\/\/analisesocial.pt\/?forum=analise-de-sentimento-vida-familiar-e-parentalidade\">An\u00e1lise de Sentimento: Vida Familiar e Parentalidade<\/a>\n\n\t\t\n\t\t\n\t\t<div class=\"bbp-forum-content\"><\/div>\n\n\t\t\n\t\t\n\t\t\n\t\t\n\t\t\n\t<\/li>\n\n\t<li class=\"bbp-forum-topic-count\">0<\/li>\n\n\t<li class=\"bbp-forum-reply-count\">0<\/li>\n\n\t<li class=\"bbp-forum-freshness\">\n\n\t\t\n\t\tSem t\u00f3picos\n\t\t\n\t\t<p class=\"bbp-topic-meta\">\n\n\t\t\t\n\t\t\t<span class=\"bbp-topic-freshness-author\"><\/span>\n\n\t\t\t\n\t\t<\/p>\n\t<\/li>\n<\/ul><!-- #bbp-forum-122 -->\n\n\t\t\n\t<\/li><!-- .bbp-body -->\n\n\t<li class=\"bbp-footer\">\n\n\t\t<div class=\"tr\">\n\t\t\t<p class=\"td colspan4\">&nbsp;<\/p>\n\t\t<\/div><!-- .tr -->\n\n\t<\/li><!-- .bbp-footer -->\n\n<\/ul><!-- .forums-directory -->\n\n\n\t\n\t\n<\/div>\n\n","protected":false},"excerpt":{"rendered":"","protected":false},"author":1,"featured_media":0,"parent":0,"menu_order":0,"comment_status":"closed","ping_status":"closed","template":"","meta":{"_bbp_topic_count":0,"_bbp_reply_count":0,"_bbp_total_topic_count":0,"_bbp_total_reply_count":0,"_bbp_voice_count":0,"_bbp_anonymous_reply_count":0,"_bbp_topic_count_hidden":0,"_bbp_reply_count_hidden":0,"_bbp_forum_subforum_count":0,"pagelayer_contact_templates":[],"_pagelayer_content":"","footnotes":""},"class_list":["post-108","page","type-page","status-publish","hentry"],"_links":{"self":[{"href":"https:\/\/analisesocial.pt\/index.php?rest_route=\/wp\/v2\/pages\/108","targetHints":{"allow":["GET"]}}],"collection":[{"href":"https:\/\/analisesocial.pt\/index.php?rest_route=\/wp\/v2\/pages"}],"about":[{"href":"https:\/\/analisesocial.pt\/index.php?rest_route=\/wp\/v2\/types\/page"}],"author":[{"embeddable":true,"href":"https:\/\/analisesocial.pt\/index.php?rest_route=\/wp\/v2\/users\/1"}],"replies":[{"embeddable":true,"href":"https:\/\/analisesocial.pt\/index.php?rest_route=%2Fwp%2Fv2%2Fcomments&post=108"}],"version-history":[{"count":1,"href":"https:\/\/analisesocial.pt\/index.php?rest_route=\/wp\/v2\/pages\/108\/revisions"}],"predecessor-version":[{"id":110,"href":"https:\/\/analisesocial.pt\/index.php?rest_route=\/wp\/v2\/pages\/108\/revisions\/110"}],"wp:attachment":[{"href":"https:\/\/analisesocial.pt\/index.php?rest_route=%2Fwp%2Fv2%2Fmedia&parent=108"}],"curies":[{"name":"wp","href":"https:\/\/api.w.org\/{rel}","templated":true}]}}